{"id":11,"date":"2022-02-11T21:18:35","date_gmt":"2022-02-11T21:18:35","guid":{"rendered":"https:\/\/asbti.com.br\/?page_id=11"},"modified":"2022-02-12T21:58:43","modified_gmt":"2022-02-12T21:58:43","slug":"nossos-servicos","status":"publish","type":"page","link":"https:\/\/asbti.com.br\/?page_id=11","title":{"rendered":"Nossos Servi\u00e7os"},"content":{"rendered":"\n<div class=\"wp-block-image is-style-default\"><figure class=\"aligncenter size-thumbnail\"><img loading=\"lazy\" width=\"150\" height=\"150\" src=\"https:\/\/asbti.com.br\/wp-content\/uploads\/2022\/02\/Foto-VIII-edited-150x150.jpg\" alt=\"\" class=\"wp-image-77\"\/><\/figure><\/div>\n\n\n\n<p class=\"has-text-align-center has-medium-font-size\"><strong>Suporte de T\u00e9cnico:<\/strong><\/p>\n\n\n\n<p><strong>Com um quadro de profissionais treinados e capacitados, a ASB Tecnologia da Informa\u00e7\u00e3o tem como premissa promover o atendimento aos seus clientes de forma a agregar valor nas suas atividades. Trabalhamos com solu\u00e7\u00f5es de mercado desde seu planejamento, desenho, mapeamento, implanta\u00e7\u00e3o, manuten\u00e7\u00e3o e suporte.<\/strong><\/p>\n\n\n\n<div class=\"wp-block-image is-style-default\"><figure class=\"aligncenter size-thumbnail\"><img loading=\"lazy\" width=\"150\" height=\"150\" src=\"https:\/\/asbti.com.br\/wp-content\/uploads\/2022\/02\/Foto-V-150x150.jpg\" alt=\"\" class=\"wp-image-30\"\/><\/figure><\/div>\n\n\n\n<p class=\"has-text-align-center has-medium-font-size\"><strong>Venda de equipamentos:<\/strong><\/p>\n\n\n\n<p><strong>Trabalhamos com os maiores fabricantes de produtos para TI e temos condi\u00e7\u00f5es de atender aos nossos clientes, independente de produto ou marca que eles usem.<\/strong><\/p>\n\n\n\n<div class=\"wp-block-image is-style-default\"><figure class=\"aligncenter size-thumbnail\"><img loading=\"lazy\" width=\"150\" height=\"150\" src=\"https:\/\/asbti.com.br\/wp-content\/uploads\/2022\/02\/Foto-XVII-150x150.jpg\" alt=\"\" class=\"wp-image-41\"\/><\/figure><\/div>\n\n\n\n<p class=\"has-text-align-center has-medium-font-size\"><strong>Licenciamento e Venda de Softwares:<\/strong><\/p>\n\n\n\n<p><strong>Profissionais certificados e capacitados para atender a sua necessidade de licenciamento. Consulte\u00a0 um de nossos especialistas.<\/strong><\/p>\n\n\n\n<div class=\"wp-block-image is-style-default\"><figure class=\"aligncenter size-thumbnail\"><img loading=\"lazy\" width=\"150\" height=\"150\" src=\"https:\/\/asbti.com.br\/wp-content\/uploads\/2022\/02\/Foto-XI-150x150.jpg\" alt=\"\" class=\"wp-image-35\"\/><\/figure><\/div>\n\n\n\n<p class=\"has-text-align-center has-medium-font-size\"><strong>Cabeamento Estruturado:<\/strong><\/p>\n\n\n\n<p><strong>Com uma equipe altamente qualificada e equipamentos homologados pelos melhores fabricantes de produtos para cabeamento estruturado. A officium IT Service possui a formula certa para atender a necessidade de cabeamento para a sua empresa.<\/strong><\/p>\n","protected":false},"excerpt":{"rendered":"<p>Suporte de T\u00e9cnico: Com um quadro de profissionais treinados e capacitados, a ASB Tecnologia da Informa\u00e7\u00e3o tem como premissa promover o atendimento aos seus clientes de forma a agregar valor nas suas atividades. Trabalhamos com solu\u00e7\u00f5es de mercado desde seu planejamento, desenho, mapeamento, implanta\u00e7\u00e3o, manuten\u00e7\u00e3o e suporte. Venda de equipamentos: Trabalhamos com os maiores fabricantes [&hellip;]<\/p>\n","protected":false},"author":1,"featured_media":0,"parent":0,"menu_order":0,"comment_status":"closed","ping_status":"closed","template":"","meta":[],"_links":{"self":[{"href":"https:\/\/asbti.com.br\/index.php?rest_route=\/wp\/v2\/pages\/11"}],"collection":[{"href":"https:\/\/asbti.com.br\/index.php?rest_route=\/wp\/v2\/pages"}],"about":[{"href":"https:\/\/asbti.com.br\/index.php?rest_route=\/wp\/v2\/types\/page"}],"author":[{"embeddable":true,"href":"https:\/\/asbti.com.br\/index.php?rest_route=\/wp\/v2\/users\/1"}],"replies":[{"embeddable":true,"href":"https:\/\/asbti.com.br\/index.php?rest_route=%2Fwp%2Fv2%2Fcomments&post=11"}],"version-history":[{"count":3,"href":"https:\/\/asbti.com.br\/index.php?rest_route=\/wp\/v2\/pages\/11\/revisions"}],"predecessor-version":[{"id":79,"href":"https:\/\/asbti.com.br\/index.php?rest_route=\/wp\/v2\/pages\/11\/revisions\/79"}],"wp:attachment":[{"href":"https:\/\/asbti.com.br\/index.php?rest_route=%2Fwp%2Fv2%2Fmedia&parent=11"}],"curies":[{"name":"wp","href":"https:\/\/api.w.org\/{rel}","templated":true}]}}