{"id":10,"date":"2022-02-11T21:18:35","date_gmt":"2022-02-11T21:18:35","guid":{"rendered":"https:\/\/asbti.com.br\/?page_id=10"},"modified":"2022-02-12T21:18:45","modified_gmt":"2022-02-12T21:18:45","slug":"quem-somos","status":"publish","type":"page","link":"https:\/\/asbti.com.br\/?page_id=10","title":{"rendered":"Quem Somos"},"content":{"rendered":"\n<p class=\"has-medium-font-size\"><strong>A ASB Tecnologia da Informa\u00e7\u00e3o, nasceu com o intuito de profissionalizar o setor de  inform\u00e1tica das empresas tendo como premissa b\u00e1sica a disponibilidade, estabilidade e seguran\u00e7a nos processos de TI.<\/strong><\/p>\n\n\n\n<p class=\"has-text-align-left has-large-font-size\"><strong>Miss\u00e3o<\/strong><\/p>\n\n\n\n<p class=\"has-medium-font-size\"><strong>Prover servi\u00e7os de tecnologia da informa\u00e7\u00e3o com qualidade para as empresas do norte-nordeste.<\/strong><\/p>\n\n\n\n<p class=\"has-large-font-size\"><strong>Vis\u00e3o<\/strong><\/p>\n\n\n\n<p class=\"has-medium-font-size\"><strong>Ser reconhecida como uma empresa de tecnologia parceira e confi\u00e1vel.<\/strong><\/p>\n\n\n\n<p class=\"has-large-font-size\"><strong>Valores<\/strong><\/p>\n\n\n\n<p class=\"has-medium-font-size\"><strong>Honestidade, Respeito, Sustentabilidade, \u00c9tica e Transpar\u00eancia.<\/strong><\/p>\n","protected":false},"excerpt":{"rendered":"<p>A ASB Tecnologia da Informa\u00e7\u00e3o, nasceu com o intuito de profissionalizar o setor de inform\u00e1tica das empresas tendo como premissa b\u00e1sica a disponibilidade, estabilidade e seguran\u00e7a nos processos de TI. Miss\u00e3o Prover servi\u00e7os de tecnologia da informa\u00e7\u00e3o com qualidade para as empresas do norte-nordeste. Vis\u00e3o Ser reconhecida como uma empresa de tecnologia parceira e confi\u00e1vel. [&hellip;]<\/p>\n","protected":false},"author":1,"featured_media":0,"parent":0,"menu_order":0,"comment_status":"closed","ping_status":"closed","template":"","meta":[],"_links":{"self":[{"href":"https:\/\/asbti.com.br\/index.php?rest_route=\/wp\/v2\/pages\/10"}],"collection":[{"href":"https:\/\/asbti.com.br\/index.php?rest_route=\/wp\/v2\/pages"}],"about":[{"href":"https:\/\/asbti.com.br\/index.php?rest_route=\/wp\/v2\/types\/page"}],"author":[{"embeddable":true,"href":"https:\/\/asbti.com.br\/index.php?rest_route=\/wp\/v2\/users\/1"}],"replies":[{"embeddable":true,"href":"https:\/\/asbti.com.br\/index.php?rest_route=%2Fwp%2Fv2%2Fcomments&post=10"}],"version-history":[{"count":3,"href":"https:\/\/asbti.com.br\/index.php?rest_route=\/wp\/v2\/pages\/10\/revisions"}],"predecessor-version":[{"id":63,"href":"https:\/\/asbti.com.br\/index.php?rest_route=\/wp\/v2\/pages\/10\/revisions\/63"}],"wp:attachment":[{"href":"https:\/\/asbti.com.br\/index.php?rest_route=%2Fwp%2Fv2%2Fmedia&parent=10"}],"curies":[{"name":"wp","href":"https:\/\/api.w.org\/{rel}","templated":true}]}}